{"id":15,"date":"2024-01-25T18:08:05","date_gmt":"2024-01-25T17:08:05","guid":{"rendered":"https:\/\/naveza6.wordpress.com\/workshops\/"},"modified":"2025-11-19T20:11:13","modified_gmt":"2025-11-19T20:11:13","slug":"workshops","status":"publish","type":"page","link":"https:\/\/www.ana-kac.si\/index.php\/workshops\/","title":{"rendered":"Cenik"},"content":{"rendered":"\n<figure class=\"wp-block-table alignleft is-style-stripes\"><table><thead><tr><th><\/th><th><\/th><\/tr><\/thead><tbody><tr><td><strong>Storitev<\/strong><\/td><td><strong>cena<\/strong>      <\/td><\/tr><tr><td>Individualna psihoterapija (50 minut)<\/td><td>60 \u20ac<\/td><\/tr><tr><td>Psiholo\u0161ko svetovanje (45 minut)<\/td><td>55 \u20ac<\/td><\/tr><tr><td>Psiholo\u0161ko svetovanje star\u0161em (45 minut)<\/td><td>65 \u20ac<\/td><\/tr><tr><td>Psiholo\u0161ko svetovanje preko spleta (45 minut) <\/td><td>55 \u20ac<\/td><\/tr><tr><td>Supervizija za vzgojitelje in u\u010ditelje<\/td><td>50 \u20ac<\/td><\/tr><tr><td>Vodene tehnike spro\u0161\u010danja (30 minut) <\/td><td>40 \u20ac<\/td><\/tr><tr><td>Psiholo\u0161ka diagnostika otroka ali mladostnika<\/td><td>200 \u20ac<\/td><\/tr><tr><td>Psiholo\u0161ko testiranje u\u010denca v procesu identifikacije nadarjenosti<\/td><td>50 \u20ac<\/td><\/tr><tr><td>Priprava psiholo\u0161kega mnenja<\/td><td>50 \u20ac<\/td><\/tr><tr><td>Priprava in izvedba predavanja za star\u0161e in\/ali pedago\u0161ke delavce (na \u017eeleno temo)<\/td><td>po dogovoru<\/td><\/tr><\/tbody><\/table><\/figure>\n\n\n\n<div class=\"wp-block-group\"><div class=\"wp-block-group__inner-container is-layout-constrained wp-block-group-is-layout-constrained\">\n<div style=\"height:71px\" aria-hidden=\"true\" class=\"wp-block-spacer\"><\/div>\n<\/div><\/div>\n\n\n\n<p>Cenik je v veljavi od 1. 11. 2025.<\/p>\n\n\n\n<p>Za vse storitve se je potrebno predhodno naro\u010diti.<\/p>\n\n\n\n<p>Ne-odjavljen termin (termin, ki ga ne odjavite vsaj 48 ur pred predvidenim sre\u010danjem) se zara\u010duna in pla\u010da po ceniku.<\/p>\n\n\n\n<p>Vse storitve so samopla\u010dni\u0161ke.<\/p>\n\n\n\n<p>Psiholo\u0161ko svetovanje in psihoterapija se po dogovoru lahko izvaja ob prisotnosti terapevtskega psa.<\/p>\n","protected":false},"excerpt":{"rendered":"<p>Storitev cena Individualna psihoterapija (50 minut) 60 \u20ac Psiholo\u0161ko svetovanje (45 minut) 55 \u20ac Psiholo\u0161ko svetovanje star\u0161em (45 minut) 65 \u20ac Psiholo\u0161ko svetovanje preko spleta (45 minut) 55 \u20ac Supervizija za vzgojitelje in u\u010ditelje 50 \u20ac Vodene tehnike spro\u0161\u010danja (30 minut) 40 \u20ac Psiholo\u0161ka diagnostika otroka ali mladostnika 200 \u20ac Psiholo\u0161ko testiranje u\u010denca v procesu&hellip; <a href=\"https:\/\/www.ana-kac.si\/index.php\/workshops\/\" class=\"more-link\">Continue reading <span class=\"screen-reader-text\">Cenik<\/span><\/a><\/p>\n","protected":false},"author":1,"featured_media":178,"parent":0,"menu_order":4,"comment_status":"closed","ping_status":"closed","template":"templates\/full-width-page.php","meta":{"footnotes":""},"class_list":["post-15","page","type-page","status-publish","has-post-thumbnail","hentry","with-featured-image"],"_links":{"self":[{"href":"https:\/\/www.ana-kac.si\/index.php\/wp-json\/wp\/v2\/pages\/15","targetHints":{"allow":["GET"]}}],"collection":[{"href":"https:\/\/www.ana-kac.si\/index.php\/wp-json\/wp\/v2\/pages"}],"about":[{"href":"https:\/\/www.ana-kac.si\/index.php\/wp-json\/wp\/v2\/types\/page"}],"author":[{"embeddable":true,"href":"https:\/\/www.ana-kac.si\/index.php\/wp-json\/wp\/v2\/users\/1"}],"replies":[{"embeddable":true,"href":"https:\/\/www.ana-kac.si\/index.php\/wp-json\/wp\/v2\/comments?post=15"}],"version-history":[{"count":16,"href":"https:\/\/www.ana-kac.si\/index.php\/wp-json\/wp\/v2\/pages\/15\/revisions"}],"predecessor-version":[{"id":290,"href":"https:\/\/www.ana-kac.si\/index.php\/wp-json\/wp\/v2\/pages\/15\/revisions\/290"}],"wp:featuredmedia":[{"embeddable":true,"href":"https:\/\/www.ana-kac.si\/index.php\/wp-json\/wp\/v2\/media\/178"}],"wp:attachment":[{"href":"https:\/\/www.ana-kac.si\/index.php\/wp-json\/wp\/v2\/media?parent=15"}],"curies":[{"name":"wp","href":"https:\/\/api.w.org\/{rel}","templated":true}]}}