{"id":132,"date":"2024-01-27T15:53:21","date_gmt":"2024-01-27T14:53:21","guid":{"rendered":"https:\/\/naveza6.wordpress.com\/?page_id=82"},"modified":"2024-02-03T20:55:04","modified_gmt":"2024-02-03T20:55:04","slug":"izobrazba-in-delovne-izkusnje","status":"publish","type":"page","link":"https:\/\/www.ana-kac.si\/index.php\/izobrazba-in-delovne-izkusnje\/","title":{"rendered":"Izobrazba in delovne izku\u0161nje"},"content":{"rendered":"\n<p class=\"has-medium-font-size\"><img loading=\"lazy\" decoding=\"async\" width=\"225\" height=\"300\" class=\"size-medium wp-image-92 alignleft\" src=\"http:\/\/www.ana-kac.si\/wp-content\/uploads\/2024\/01\/img20230202131502-edited.jpg?w=225\" alt=\"\">Kot psihologinja imam ve\u010d kot 15 let delovnih izku\u0161enj. Posebno sem se posvetila delu in \u0161tudiju na podro\u010dju du\u0161evnosti otrok in mladostnikov. Psiholo\u0161ko delo mi je v resni\u010dno veselje in nenehen izziv. Poleg pomo\u010di drugim se u\u010dim skrbeti\u2002tudi zase. \u017de tri leta sem vklju\u010dena v proces osebne psihoterapije in supervizije. V zadnjem \u010dasu raziskujem pozitivne u\u010dinke psiholo\u0161kega dela ob prisotnosti \u017eivali. Veselim se vse\u017eivljenjskega u\u010denja.<\/p>\n\n\n\n<p><\/p>\n\n\n\n<p><\/p>\n\n\n\n<p><strong>Do danes sem opravila naslednja izobra\u017eevanja oz. pridobila delovne izku\u0161nje:<\/strong><\/p>\n\n\n\n<p><ul style=\"font-family: &quot;Source Sans Pro&quot;, Helvetica, sans-serif; margin: 0px 0px 1.6em 1.6em; padding: 0px; vertical-align: baseline; border: 0px; outline: 0px; list-style-type: disc; color: rgb(68, 67, 64); white-space-collapse: collapse; background-color: rgb(255, 255, 255);\"><li style=\"box-sizing: inherit; font-family: inherit; font-weight: inherit; font-style: inherit; margin: 0px; padding: 0px; vertical-align: baseline; border: 0px; outline: 0px;\">\u0161tudij psihologije Filozofska fakulteta UL<\/li><\/ul><p style=\"box-sizing: inherit; font-family: &quot;Source Sans Pro&quot;, Helvetica, sans-serif; font-size: 18px; margin: 0px 0px 1.6em; padding: 0px; vertical-align: baseline; border: 0px; outline: 0px; color: rgb(68, 67, 64); white-space-collapse: collapse; background-color: rgb(255, 255, 255);\"><\/p><p style=\"box-sizing: inherit; font-family: &quot;Source Sans Pro&quot;, Helvetica, sans-serif; font-size: 18px; margin: 0px 0px 1.6em; padding: 0px; vertical-align: baseline; border: 0px; outline: 0px; color: rgb(68, 67, 64); white-space-collapse: collapse; background-color: rgb(255, 255, 255);\"><\/p><ul style=\"font-family: &quot;Source Sans Pro&quot;, Helvetica, sans-serif; margin: 0px 0px 1.6em 1.6em; padding: 0px; vertical-align: baseline; border: 0px; outline: 0px; list-style-type: disc; color: rgb(68, 67, 64); white-space-collapse: collapse; background-color: rgb(255, 255, 255);\"><li style=\"box-sizing: inherit; font-family: inherit; font-weight: inherit; font-style: inherit; margin: 0px; padding: 0px; vertical-align: baseline; border: 0px; outline: 0px;\">Opravljanje prostovoljnega dela v Svetovalnem centru za otroke mladostnike in star\u0161e Ljubljana<\/li><\/ul><p style=\"box-sizing: inherit; font-family: &quot;Source Sans Pro&quot;, Helvetica, sans-serif; font-size: 18px; margin: 0px 0px 1.6em; padding: 0px; vertical-align: baseline; border: 0px; outline: 0px; color: rgb(68, 67, 64); white-space-collapse: collapse; background-color: rgb(255, 255, 255);\"><\/p><p style=\"box-sizing: inherit; font-family: &quot;Source Sans Pro&quot;, Helvetica, sans-serif; font-size: 18px; margin: 0px 0px 1.6em; padding: 0px; vertical-align: baseline; border: 0px; outline: 0px; color: rgb(68, 67, 64); white-space-collapse: collapse; background-color: rgb(255, 255, 255);\"><\/p><ul style=\"font-family: &quot;Source Sans Pro&quot;, Helvetica, sans-serif; margin: 0px 0px 1.6em 1.6em; padding: 0px; vertical-align: baseline; border: 0px; outline: 0px; list-style-type: disc; color: rgb(68, 67, 64); white-space-collapse: collapse; background-color: rgb(255, 255, 255);\"><li style=\"box-sizing: inherit; font-family: inherit; font-weight: inherit; font-style: inherit; margin: 0px; padding: 0px; vertical-align: baseline; border: 0px; outline: 0px;\">Opravljanje prostovoljnega dela v dru\u0161tvu So\u017eitje<\/li><\/ul><p style=\"box-sizing: inherit; font-family: &quot;Source Sans Pro&quot;, Helvetica, sans-serif; font-size: 18px; margin: 0px 0px 1.6em; padding: 0px; vertical-align: baseline; border: 0px; outline: 0px; color: rgb(68, 67, 64); white-space-collapse: collapse; background-color: rgb(255, 255, 255);\"><\/p><p style=\"box-sizing: inherit; font-family: &quot;Source Sans Pro&quot;, Helvetica, sans-serif; font-size: 18px; margin: 0px 0px 1.6em; padding: 0px; vertical-align: baseline; border: 0px; outline: 0px; color: rgb(68, 67, 64); white-space-collapse: collapse; background-color: rgb(255, 255, 255);\"><\/p><ul style=\"font-family: &quot;Source Sans Pro&quot;, Helvetica, sans-serif; margin: 0px 0px 1.6em 1.6em; padding: 0px; vertical-align: baseline; border: 0px; outline: 0px; list-style-type: disc; color: rgb(68, 67, 64); white-space-collapse: collapse; background-color: rgb(255, 255, 255);\"><li style=\"box-sizing: inherit; font-family: inherit; font-weight: inherit; font-style: inherit; margin: 0px; padding: 0px; vertical-align: baseline; border: 0px; outline: 0px;\">Opravljanje prostovoljnega dela v VDC Mozirje<\/li><\/ul><p style=\"box-sizing: inherit; font-family: &quot;Source Sans Pro&quot;, Helvetica, sans-serif; font-size: 18px; margin: 0px 0px 1.6em; padding: 0px; vertical-align: baseline; border: 0px; outline: 0px; color: rgb(68, 67, 64); white-space-collapse: collapse; background-color: rgb(255, 255, 255);\"><\/p><p style=\"box-sizing: inherit; font-family: &quot;Source Sans Pro&quot;, Helvetica, sans-serif; font-size: 18px; margin: 0px 0px 1.6em; padding: 0px; vertical-align: baseline; border: 0px; outline: 0px; color: rgb(68, 67, 64); white-space-collapse: collapse; background-color: rgb(255, 255, 255);\"><\/p><ul style=\"font-family: &quot;Source Sans Pro&quot;, Helvetica, sans-serif; margin: 0px 0px 1.6em 1.6em; padding: 0px; vertical-align: baseline; border: 0px; outline: 0px; list-style-type: disc; color: rgb(68, 67, 64); white-space-collapse: collapse; background-color: rgb(255, 255, 255);\"><li style=\"box-sizing: inherit; font-family: inherit; font-weight: inherit; font-style: inherit; margin: 0px; padding: 0px; vertical-align: baseline; border: 0px; outline: 0px;\">Univerzitetna diploma iz psihologije, Filozofska fakulteta UL<\/li><\/ul><p style=\"box-sizing: inherit; font-family: &quot;Source Sans Pro&quot;, Helvetica, sans-serif; font-size: 18px; margin: 0px 0px 1.6em; padding: 0px; vertical-align: baseline; border: 0px; outline: 0px; color: rgb(68, 67, 64); white-space-collapse: collapse; background-color: rgb(255, 255, 255);\"><\/p><p style=\"box-sizing: inherit; font-family: &quot;Source Sans Pro&quot;, Helvetica, sans-serif; font-size: 18px; margin: 0px 0px 1.6em; padding: 0px; vertical-align: baseline; border: 0px; outline: 0px; color: rgb(68, 67, 64); white-space-collapse: collapse; background-color: rgb(255, 255, 255);\"><\/p><ul style=\"font-family: &quot;Source Sans Pro&quot;, Helvetica, sans-serif; margin: 0px 0px 1.6em 1.6em; padding: 0px; vertical-align: baseline; border: 0px; outline: 0px; list-style-type: disc; color: rgb(68, 67, 64); white-space-collapse: collapse; background-color: rgb(255, 255, 255);\"><li style=\"box-sizing: inherit; font-family: inherit; font-weight: inherit; font-style: inherit; margin: 0px; padding: 0px; vertical-align: baseline; border: 0px; outline: 0px;\">opravljanje pripravni\u0161tva v zdravstvu<\/li><\/ul><p style=\"box-sizing: inherit; font-family: &quot;Source Sans Pro&quot;, Helvetica, sans-serif; font-size: 18px; margin: 0px 0px 1.6em; padding: 0px; vertical-align: baseline; border: 0px; outline: 0px; color: rgb(68, 67, 64); white-space-collapse: collapse; background-color: rgb(255, 255, 255);\"><\/p><p style=\"box-sizing: inherit; font-family: &quot;Source Sans Pro&quot;, Helvetica, sans-serif; font-size: 18px; margin: 0px 0px 1.6em; padding: 0px; vertical-align: baseline; border: 0px; outline: 0px; color: rgb(68, 67, 64); white-space-collapse: collapse; background-color: rgb(255, 255, 255);\"><\/p><ul style=\"font-family: &quot;Source Sans Pro&quot;, Helvetica, sans-serif; margin: 0px 0px 1.6em 1.6em; padding: 0px; vertical-align: baseline; border: 0px; outline: 0px; list-style-type: disc; color: rgb(68, 67, 64); white-space-collapse: collapse; background-color: rgb(255, 255, 255);\"><li style=\"box-sizing: inherit; font-family: inherit; font-weight: inherit; font-style: inherit; margin: 0px; padding: 0px; vertical-align: baseline; border: 0px; outline: 0px;\">opravljen strokovni izpit pri Ministrstvu za zdravje<\/li><\/ul><p style=\"box-sizing: inherit; font-family: &quot;Source Sans Pro&quot;, Helvetica, sans-serif; font-size: 18px; margin: 0px 0px 1.6em; padding: 0px; vertical-align: baseline; border: 0px; outline: 0px; color: rgb(68, 67, 64); white-space-collapse: collapse; background-color: rgb(255, 255, 255);\"><\/p><p style=\"box-sizing: inherit; font-family: &quot;Source Sans Pro&quot;, Helvetica, sans-serif; font-size: 18px; margin: 0px 0px 1.6em; padding: 0px; vertical-align: baseline; border: 0px; outline: 0px; color: rgb(68, 67, 64); white-space-collapse: collapse; background-color: rgb(255, 255, 255);\"><\/p><ul style=\"font-family: &quot;Source Sans Pro&quot;, Helvetica, sans-serif; margin: 0px 0px 1.6em 1.6em; padding: 0px; vertical-align: baseline; border: 0px; outline: 0px; list-style-type: disc; color: rgb(68, 67, 64); white-space-collapse: collapse; background-color: rgb(255, 255, 255);\"><li style=\"box-sizing: inherit; font-family: inherit; font-weight: inherit; font-style: inherit; margin: 0px; padding: 0px; vertical-align: baseline; border: 0px; outline: 0px;\">delo v \u0161olski svetovani slu\u017ebi in pou\u010devanje psihologije na I. gimnaziji v Celju in na Gimnaziji Celje \u2013 Center<\/li><\/ul><p style=\"box-sizing: inherit; font-family: &quot;Source Sans Pro&quot;, Helvetica, sans-serif; font-size: 18px; margin: 0px 0px 1.6em; padding: 0px; vertical-align: baseline; border: 0px; outline: 0px; color: rgb(68, 67, 64); white-space-collapse: collapse; background-color: rgb(255, 255, 255);\"><\/p><p style=\"box-sizing: inherit; font-family: &quot;Source Sans Pro&quot;, Helvetica, sans-serif; font-size: 18px; margin: 0px 0px 1.6em; padding: 0px; vertical-align: baseline; border: 0px; outline: 0px; color: rgb(68, 67, 64); white-space-collapse: collapse; background-color: rgb(255, 255, 255);\"><\/p><ul style=\"font-family: &quot;Source Sans Pro&quot;, Helvetica, sans-serif; margin: 0px 0px 1.6em 1.6em; padding: 0px; vertical-align: baseline; border: 0px; outline: 0px; list-style-type: disc; color: rgb(68, 67, 64); white-space-collapse: collapse; background-color: rgb(255, 255, 255);\"><li style=\"box-sizing: inherit; font-family: inherit; font-weight: inherit; font-style: inherit; margin: 0px; padding: 0px; vertical-align: baseline; border: 0px; outline: 0px;\">Opravljen strokovni izpit pri Ministrstvu za \u0161olstvo in \u0161port<\/li><\/ul><p style=\"box-sizing: inherit; font-family: &quot;Source Sans Pro&quot;, Helvetica, sans-serif; font-size: 18px; margin: 0px 0px 1.6em; padding: 0px; vertical-align: baseline; border: 0px; outline: 0px; color: rgb(68, 67, 64); white-space-collapse: collapse; background-color: rgb(255, 255, 255);\"><\/p><p style=\"box-sizing: inherit; font-family: &quot;Source Sans Pro&quot;, Helvetica, sans-serif; font-size: 18px; margin: 0px 0px 1.6em; padding: 0px; vertical-align: baseline; border: 0px; outline: 0px; color: rgb(68, 67, 64); white-space-collapse: collapse; background-color: rgb(255, 255, 255);\"><\/p><ul style=\"font-family: &quot;Source Sans Pro&quot;, Helvetica, sans-serif; margin: 0px 0px 1.6em 1.6em; padding: 0px; vertical-align: baseline; border: 0px; outline: 0px; list-style-type: disc; color: rgb(68, 67, 64); white-space-collapse: collapse; background-color: rgb(255, 255, 255);\"><li style=\"box-sizing: inherit; font-family: inherit; font-weight: inherit; font-style: inherit; margin: 0px; padding: 0px; vertical-align: baseline; border: 0px; outline: 0px;\">Opravljeno podiplomsko izobra\u017eevanje PAI na Filozofski fakulteti UL<\/li><\/ul><p style=\"box-sizing: inherit; font-family: &quot;Source Sans Pro&quot;, Helvetica, sans-serif; font-size: 18px; margin: 0px 0px 1.6em; padding: 0px; vertical-align: baseline; border: 0px; outline: 0px; color: rgb(68, 67, 64); white-space-collapse: collapse; background-color: rgb(255, 255, 255);\"><\/p><p style=\"box-sizing: inherit; font-family: &quot;Source Sans Pro&quot;, Helvetica, sans-serif; font-size: 18px; margin: 0px 0px 1.6em; padding: 0px; vertical-align: baseline; border: 0px; outline: 0px; color: rgb(68, 67, 64); white-space-collapse: collapse; background-color: rgb(255, 255, 255);\"><\/p><ul style=\"font-family: &quot;Source Sans Pro&quot;, Helvetica, sans-serif; margin: 0px 0px 1.6em 1.6em; padding: 0px; vertical-align: baseline; border: 0px; outline: 0px; list-style-type: disc; color: rgb(68, 67, 64); white-space-collapse: collapse; background-color: rgb(255, 255, 255);\"><li style=\"box-sizing: inherit; font-family: inherit; font-weight: inherit; font-style: inherit; margin: 0px; padding: 0px; vertical-align: baseline; border: 0px; outline: 0px;\">Delo v \u0161olski svetovalni slu\u017ebi, delo z u\u010denci s posebnimi potrebami ter delo z nadarjenimi u\u010denci na I. osnovni \u0161oli Celje<\/li><\/ul><p style=\"box-sizing: inherit; font-family: &quot;Source Sans Pro&quot;, Helvetica, sans-serif; font-size: 18px; margin: 0px 0px 1.6em; padding: 0px; vertical-align: baseline; border: 0px; outline: 0px; color: rgb(68, 67, 64); white-space-collapse: collapse; background-color: rgb(255, 255, 255);\"><\/p><p style=\"box-sizing: inherit; font-family: &quot;Source Sans Pro&quot;, Helvetica, sans-serif; font-size: 18px; margin: 0px 0px 1.6em; padding: 0px; vertical-align: baseline; border: 0px; outline: 0px; color: rgb(68, 67, 64); white-space-collapse: collapse; background-color: rgb(255, 255, 255);\"><\/p><ul style=\"font-family: &quot;Source Sans Pro&quot;, Helvetica, sans-serif; margin: 0px 0px 1.6em 1.6em; padding: 0px; vertical-align: baseline; border: 0px; outline: 0px; list-style-type: disc; color: rgb(68, 67, 64); white-space-collapse: collapse; background-color: rgb(255, 255, 255);\"><li style=\"box-sizing: inherit; font-family: inherit; font-weight: inherit; font-style: inherit; margin: 0px; padding: 0px; vertical-align: baseline; border: 0px; outline: 0px;\">Opravljeno izobra\u017eevanje za pridobitev licence za psiholo\u0161ko testiranje nadarjenih u\u010dencev, CPS Ljubljana.<\/li><\/ul><p style=\"box-sizing: inherit; font-family: &quot;Source Sans Pro&quot;, Helvetica, sans-serif; font-size: 18px; margin: 0px 0px 1.6em; padding: 0px; vertical-align: baseline; border: 0px; outline: 0px; color: rgb(68, 67, 64); white-space-collapse: collapse; background-color: rgb(255, 255, 255);\"><\/p><p style=\"box-sizing: inherit; font-family: &quot;Source Sans Pro&quot;, Helvetica, sans-serif; font-size: 18px; margin: 0px 0px 1.6em; padding: 0px; vertical-align: baseline; border: 0px; outline: 0px; color: rgb(68, 67, 64); white-space-collapse: collapse; background-color: rgb(255, 255, 255);\"><\/p><ul style=\"font-family: &quot;Source Sans Pro&quot;, Helvetica, sans-serif; margin: 0px 0px 1.6em 1.6em; padding: 0px; vertical-align: baseline; border: 0px; outline: 0px; list-style-type: disc; color: rgb(68, 67, 64); white-space-collapse: collapse; background-color: rgb(255, 255, 255);\"><li style=\"box-sizing: inherit; font-family: inherit; font-weight: inherit; font-style: inherit; margin: 0px; padding: 0px; vertical-align: baseline; border: 0px; outline: 0px;\">Opravljeno podiplomsko izobra\u017eevanje na temo du\u0161evnih stisk otrok in mladostnikov, SFU Ljubljana.<\/li><\/ul><p style=\"box-sizing: inherit; font-family: &quot;Source Sans Pro&quot;, Helvetica, sans-serif; font-size: 18px; margin: 0px 0px 1.6em; padding: 0px; vertical-align: baseline; border: 0px; outline: 0px; color: rgb(68, 67, 64); white-space-collapse: collapse; background-color: rgb(255, 255, 255);\"><\/p><p style=\"box-sizing: inherit; font-family: &quot;Source Sans Pro&quot;, Helvetica, sans-serif; font-size: 18px; margin: 0px 0px 1.6em; padding: 0px; vertical-align: baseline; border: 0px; outline: 0px; color: rgb(68, 67, 64); white-space-collapse: collapse; background-color: rgb(255, 255, 255);\"><\/p><ul style=\"font-family: &quot;Source Sans Pro&quot;, Helvetica, sans-serif; margin: 0px 0px 1.6em 1.6em; padding: 0px; vertical-align: baseline; border: 0px; outline: 0px; list-style-type: disc; color: rgb(68, 67, 64); white-space-collapse: collapse; background-color: rgb(255, 255, 255);\"><li style=\"box-sizing: inherit; font-family: inherit; font-weight: inherit; font-style: inherit; margin: 0px; padding: 0px; vertical-align: baseline; border: 0px; outline: 0px;\">Specializacija iz integrativne psihoterapije (in\u0161titut IPSA, Ljubljana)<\/li><\/ul><\/p>\n\n\n\n<p><\/p>\n","protected":false},"excerpt":{"rendered":"<p>Kot psihologinja imam ve\u010d kot 15 let delovnih izku\u0161enj. Posebno sem se posvetila delu in \u0161tudiju na podro\u010dju du\u0161evnosti otrok in mladostnikov. Psiholo\u0161ko delo mi je v resni\u010dno veselje in nenehen izziv. Poleg pomo\u010di drugim se u\u010dim skrbeti\u2002tudi zase. \u017de tri leta sem vklju\u010dena v proces osebne psihoterapije in supervizije. V zadnjem \u010dasu raziskujem pozitivne&hellip; <a href=\"https:\/\/www.ana-kac.si\/index.php\/izobrazba-in-delovne-izkusnje\/\" class=\"more-link\">Continue reading <span class=\"screen-reader-text\">Izobrazba in delovne izku\u0161nje<\/span><\/a><\/p>\n","protected":false},"author":1,"featured_media":178,"parent":0,"menu_order":0,"comment_status":"closed","ping_status":"closed","template":"templates\/full-width-page.php","meta":{"footnotes":""},"class_list":["post-132","page","type-page","status-publish","has-post-thumbnail","hentry","with-featured-image"],"_links":{"self":[{"href":"https:\/\/www.ana-kac.si\/index.php\/wp-json\/wp\/v2\/pages\/132","targetHints":{"allow":["GET"]}}],"collection":[{"href":"https:\/\/www.ana-kac.si\/index.php\/wp-json\/wp\/v2\/pages"}],"about":[{"href":"https:\/\/www.ana-kac.si\/index.php\/wp-json\/wp\/v2\/types\/page"}],"author":[{"embeddable":true,"href":"https:\/\/www.ana-kac.si\/index.php\/wp-json\/wp\/v2\/users\/1"}],"replies":[{"embeddable":true,"href":"https:\/\/www.ana-kac.si\/index.php\/wp-json\/wp\/v2\/comments?post=132"}],"version-history":[{"count":1,"href":"https:\/\/www.ana-kac.si\/index.php\/wp-json\/wp\/v2\/pages\/132\/revisions"}],"predecessor-version":[{"id":152,"href":"https:\/\/www.ana-kac.si\/index.php\/wp-json\/wp\/v2\/pages\/132\/revisions\/152"}],"wp:featuredmedia":[{"embeddable":true,"href":"https:\/\/www.ana-kac.si\/index.php\/wp-json\/wp\/v2\/media\/178"}],"wp:attachment":[{"href":"https:\/\/www.ana-kac.si\/index.php\/wp-json\/wp\/v2\/media?parent=132"}],"curies":[{"name":"wp","href":"https:\/\/api.w.org\/{rel}","templated":true}]}}