{"id":11,"date":"2024-01-25T18:08:09","date_gmt":"2024-01-25T17:08:09","guid":{"rendered":"https:\/\/naveza6.wordpress.com\/about\/"},"modified":"2024-11-11T20:33:04","modified_gmt":"2024-11-11T20:33:04","slug":"about","status":"publish","type":"page","link":"https:\/\/www.ana-kac.si\/index.php\/about\/","title":{"rendered":"Storitve"},"content":{"rendered":"\n<ul class=\"wp-block-list\">\n<li>Psiholo\u0161ko svetovanje odraslim posameznikom.<\/li>\n\n\n\n<li>Psiholo\u0161ko svetovanje otrokom, mladostnikom in star\u0161em.<\/li>\n\n\n\n<li>Psiholo\u0161ko svetovanje ob prisotnosti \u017eivali.<\/li>\n\n\n\n<li>Individualna psihoterapija integrativne smeri.<\/li>\n\n\n\n<li>Psiholo\u0161ko testiranje za predstavitve Komisiji za usmerjenje otrok s posebnimi potrebami.<\/li>\n\n\n\n<li>Psiholo\u0161ko testiranje u\u010denca v procesu identifikacije nadarjenosti.<\/li>\n\n\n\n<li>Psiholo\u0161ki pregled otroka pred vstopom v \u0161olo.<\/li>\n\n\n\n<li>Psiholo\u0161ko svetovanje vzgojiteljem in u\u010diteljem z mo\u017enostjo supervizije.<\/li>\n\n\n\n<li>Izkustvene vaje vodenih tehnik spro\u0161\u010danja.<\/li>\n\n\n\n<li>Avtogeni trening.<\/li>\n\n\n\n<li>Predavanja na temo u\u010dno vzgojne problematike.<\/li>\n<\/ul>\n\n\n\n<figure class=\"wp-block-image size-large is-resized\"><img loading=\"lazy\" decoding=\"async\" width=\"835\" height=\"1024\" src=\"http:\/\/www.ana-kac.si\/wp-content\/uploads\/2024\/08\/20240812_134539-1-835x1024.jpg\" alt=\"\" class=\"wp-image-260\" style=\"width:311px;height:auto\" srcset=\"https:\/\/www.ana-kac.si\/wp-content\/uploads\/2024\/08\/20240812_134539-1-835x1024.jpg 835w, https:\/\/www.ana-kac.si\/wp-content\/uploads\/2024\/08\/20240812_134539-1-245x300.jpg 245w, https:\/\/www.ana-kac.si\/wp-content\/uploads\/2024\/08\/20240812_134539-1-768x942.jpg 768w, https:\/\/www.ana-kac.si\/wp-content\/uploads\/2024\/08\/20240812_134539-1-1252x1536.jpg 1252w, https:\/\/www.ana-kac.si\/wp-content\/uploads\/2024\/08\/20240812_134539-1-1669x2048.jpg 1669w\" sizes=\"auto, (max-width: 835px) 100vw, 835px\" \/><\/figure>\n","protected":false},"excerpt":{"rendered":"","protected":false},"author":1,"featured_media":178,"parent":0,"menu_order":1,"comment_status":"closed","ping_status":"closed","template":"templates\/full-width-page.php","meta":{"footnotes":""},"class_list":["post-11","page","type-page","status-publish","has-post-thumbnail","hentry","with-featured-image"],"_links":{"self":[{"href":"https:\/\/www.ana-kac.si\/index.php\/wp-json\/wp\/v2\/pages\/11","targetHints":{"allow":["GET"]}}],"collection":[{"href":"https:\/\/www.ana-kac.si\/index.php\/wp-json\/wp\/v2\/pages"}],"about":[{"href":"https:\/\/www.ana-kac.si\/index.php\/wp-json\/wp\/v2\/types\/page"}],"author":[{"embeddable":true,"href":"https:\/\/www.ana-kac.si\/index.php\/wp-json\/wp\/v2\/users\/1"}],"replies":[{"embeddable":true,"href":"https:\/\/www.ana-kac.si\/index.php\/wp-json\/wp\/v2\/comments?post=11"}],"version-history":[{"count":15,"href":"https:\/\/www.ana-kac.si\/index.php\/wp-json\/wp\/v2\/pages\/11\/revisions"}],"predecessor-version":[{"id":285,"href":"https:\/\/www.ana-kac.si\/index.php\/wp-json\/wp\/v2\/pages\/11\/revisions\/285"}],"wp:featuredmedia":[{"embeddable":true,"href":"https:\/\/www.ana-kac.si\/index.php\/wp-json\/wp\/v2\/media\/178"}],"wp:attachment":[{"href":"https:\/\/www.ana-kac.si\/index.php\/wp-json\/wp\/v2\/media?parent=11"}],"curies":[{"name":"wp","href":"https:\/\/api.w.org\/{rel}","templated":true}]}}